{"id":1941,"date":"2023-05-17T15:18:18","date_gmt":"2023-05-17T18:18:18","guid":{"rendered":"https:\/\/zigzag.tur.br\/?page_id=1941"},"modified":"2023-05-17T17:25:13","modified_gmt":"2023-05-17T20:25:13","slug":"atendimento-lgpd","status":"publish","type":"page","link":"https:\/\/zigzag.tur.br\/index.php\/atendimento-lgpd\/","title":{"rendered":"Atendimento LGPD"},"content":{"rendered":"\n<p>O formul\u00e1rio de contato desta p\u00e1gina \u00e9 destinado a atender quest\u00f5es relacionadas \u00e0 Lei Geral de Prote\u00e7\u00e3o de Dados, para outros assuntos, como d\u00favidas, sugest\u00f5es e reclama\u00e7\u00f5es, acesse o nosso formul\u00e1rio de contato.<a href=\"https:\/\/zigzag.tur.br\/index.php\/contato\/\" title=\"\">https:\/\/zigzag.tur.br\/index.php\/contato\/<\/a><\/p>\n\n\n\n<p>O titular de dados pessoais possui o direito de solicitar do site ZigZag Solu\u00e7\u00f5es Digitais para o Turismo, atrav\u00e9s do canal espec\u00edfico de tratamento, a qualquer momento, mediante requisi\u00e7\u00e3o formal, informa\u00e7\u00f5es referentes aos seus dados.<\/p>\n\n\n\n<p>Os pedidos ser\u00e3o analisados conforme previsto em legisla\u00e7\u00e3o vigente dentro de um prazo de 72 horas, salvo determina\u00e7\u00e3o legal e\/ou objeto de lei.<\/p>\n\n\n\n<p>Os titulares de dados, segundo o texto da LGPD, podem exercer os seus direitos por meio de:<\/p>\n\n\n\n<ul class=\"wp-block-list\">\n<li>Confirma\u00e7\u00e3o da exist\u00eancia de tratamento;<\/li>\n\n\n\n<li>Acesso aos seus dados pessoais;<\/li>\n\n\n\n<li>Corre\u00e7\u00e3o de dados incompletos, inexatos ou desatualizados;<\/li>\n\n\n\n<li>Anonimiza\u00e7\u00e3o, bloqueio ou elimina\u00e7\u00e3o de dados desnecess\u00e1rios, excessivos ou tratados em desconformidade com o disposto nesta Lei;<\/li>\n\n\n\n<li>Portabilidade dos dados a outro fornecedor de servi\u00e7o ou produto, mediante requisi\u00e7\u00e3o expressa, de acordo com a regulamenta\u00e7\u00e3o da autoridade nacional, observados os segredos comercial e industrial;<\/li>\n\n\n\n<li>Elimina\u00e7\u00e3o dos dados pessoais tratados com o consentimento do titular;<\/li>\n\n\n\n<li>Informa\u00e7\u00e3o das entidades p\u00fablicas e privadas com as quais o controlador realizou uso compartilhado de dados;<\/li>\n\n\n\n<li>Informa\u00e7\u00e3o sobre a possibilidade de n\u00e3o fornecer consentimento e sobre as consequ\u00eancias da negativa;<\/li>\n\n\n\n<li>Revoga\u00e7\u00e3o do consentimento.<\/li>\n<\/ul>\n\n\n<div class=\"wpforms-container wpforms-container-full meu-formulrio\" id=\"wpforms-1946\"><form id=\"wpforms-form-1946\" class=\"wpforms-validate wpforms-form\" data-formid=\"1946\" method=\"post\" enctype=\"multipart\/form-data\" action=\"\/index.php\/wp-json\/wp\/v2\/pages\/1941\" data-token=\"d9241bce61835003df37965bbb2c9f1d\" data-token-time=\"1776784812\"><noscript class=\"wpforms-error-noscript\">Ative o JavaScript no seu navegador para preencher este formul\u00e1rio.<\/noscript><div class=\"wpforms-field-container\"><div id=\"wpforms-1946-field_1-container\" class=\"wpforms-field wpforms-field-name\" data-field-id=\"1\"><label class=\"wpforms-field-label\" for=\"wpforms-1946-field_1\">01. Nome Completo <span class=\"wpforms-required-label\">*<\/span><\/label><input type=\"text\" id=\"wpforms-1946-field_1\" class=\"wpforms-field-medium wpforms-field-required\" name=\"wpforms[fields][1]\" required><\/div><div id=\"wpforms-1946-field_3-container\" class=\"wpforms-field wpforms-field-email\" data-field-id=\"3\"><label class=\"wpforms-field-label\" for=\"wpforms-1946-field_3\">02. E-mail <span class=\"wpforms-required-label\">*<\/span><\/label><input type=\"email\" id=\"wpforms-1946-field_3\" class=\"wpforms-field-medium wpforms-field-required\" name=\"wpforms[fields][3]\" spellcheck=\"false\" required><\/div><div id=\"wpforms-1946-field_5-container\" class=\"wpforms-field wpforms-field-text\" data-field-id=\"5\"><label class=\"wpforms-field-label\" for=\"wpforms-1946-field_5\">03. Telefone Celular<\/label><input type=\"text\" id=\"wpforms-1946-field_5\" class=\"wpforms-field-medium wpforms-masked-input\" data-rule-inputmask-incomplete=\"1\" data-inputmask-mask=\"(99) 99999-9999\" name=\"wpforms[fields][5]\" ><\/div><div id=\"wpforms-1946-field_6-container\" class=\"wpforms-field wpforms-field-text\" data-field-id=\"6\"><label class=\"wpforms-field-label\" for=\"wpforms-1946-field_6\">04. Telefone Fixo<\/label><input type=\"text\" id=\"wpforms-1946-field_6\" class=\"wpforms-field-medium wpforms-masked-input\" data-rule-inputmask-incomplete=\"1\" data-inputmask-mask=\"(99) 9999-9999\" name=\"wpforms[fields][6]\" ><\/div><div id=\"wpforms-1946-field_4-container\" class=\"wpforms-field wpforms-field-textarea\" data-field-id=\"4\"><label class=\"wpforms-field-label\" for=\"wpforms-1946-field_4\">05. Mensagem<\/label><textarea id=\"wpforms-1946-field_4\" class=\"wpforms-field-medium\" name=\"wpforms[fields][4]\" ><\/textarea><\/div><\/div><!-- .wpforms-field-container --><div class=\"wpforms-recaptcha-container wpforms-is-recaptcha wpforms-is-recaptcha-type-invisible\" ><div class=\"g-recaptcha\" data-sitekey=\"6LeM4XokAAAAAJLzwF8BGJWQ4OxS4fJfnPPJN5R9\" data-size=\"invisible\"><\/div><\/div><div class=\"wpforms-submit-container\" ><input type=\"hidden\" name=\"wpforms[id]\" value=\"1946\"><input type=\"hidden\" name=\"page_title\" value=\"\"><input type=\"hidden\" name=\"page_url\" value=\"https:\/\/zigzag.tur.br\/index.php\/wp-json\/wp\/v2\/pages\/1941\"><input type=\"hidden\" name=\"url_referer\" value=\"\"><button type=\"submit\" name=\"wpforms[submit]\" id=\"wpforms-submit-1946\" class=\"wpforms-submit meu-formulrio-boto\" data-alt-text=\"Enviando...\" data-submit-text=\"Enviar Mensagem\" aria-live=\"assertive\" value=\"wpforms-submit\">Enviar Mensagem<\/button><\/div><\/form><\/div>  <!-- .wpforms-container -->\n\n\n\n<p><\/p>\n","protected":false},"excerpt":{"rendered":"<p>O formul\u00e1rio de contato desta p\u00e1gina \u00e9 destinado a atender quest\u00f5es relacionadas \u00e0 Lei Geral de Prote\u00e7\u00e3o de Dados, para outros assuntos, como d\u00favidas, sugest\u00f5es e reclama\u00e7\u00f5es, acesse o nosso formul\u00e1rio de contato.https:\/\/zigzag.tur.br\/index.php\/contato\/ O titular de dados pessoais possui o direito de solicitar do site ZigZag Solu\u00e7\u00f5es Digitais para o Turismo, atrav\u00e9s do canal espec\u00edfico [&hellip;]<\/p>\n","protected":false},"author":2,"featured_media":0,"parent":0,"menu_order":0,"comment_status":"closed","ping_status":"closed","template":"","meta":{"_uag_custom_page_level_css":"","_monsterinsights_skip_tracking":false,"_monsterinsights_sitenote_active":false,"_monsterinsights_sitenote_note":"","_monsterinsights_sitenote_category":0,"site-sidebar-layout":"default","site-content-layout":"","ast-site-content-layout":"default","site-content-style":"default","site-sidebar-style":"default","ast-global-header-display":"","ast-banner-title-visibility":"","ast-main-header-display":"","ast-hfb-above-header-display":"","ast-hfb-below-header-display":"","ast-hfb-mobile-header-display":"","site-post-title":"","ast-breadcrumbs-content":"","ast-featured-img":"","footer-sml-layout":"","ast-disable-related-posts":"","theme-transparent-header-meta":"","adv-header-id-meta":"","stick-header-meta":"","header-above-stick-meta":"","header-main-stick-meta":"","header-below-stick-meta":"","astra-migrate-meta-layouts":"default","ast-page-background-enabled":"default","ast-page-background-meta":{"desktop":{"background-color":"var(--ast-global-color-4)","background-image":"","background-repeat":"repeat","background-position":"center center","background-size":"auto","background-attachment":"scroll","background-type":"","background-media":"","overlay-type":"","overlay-color":"","overlay-opacity":"","overlay-gradient":""},"tablet":{"background-color":"","background-image":"","background-repeat":"repeat","background-position":"center center","background-size":"auto","background-attachment":"scroll","background-type":"","background-media":"","overlay-type":"","overlay-color":"","overlay-opacity":"","overlay-gradient":""},"mobile":{"background-color":"","background-image":"","background-repeat":"repeat","background-position":"center center","background-size":"auto","background-attachment":"scroll","background-type":"","background-media":"","overlay-type":"","overlay-color":"","overlay-opacity":"","overlay-gradient":""}},"ast-content-background-meta":{"desktop":{"background-color":"var(--ast-global-color-5)","background-image":"","background-repeat":"repeat","background-position":"center center","background-size":"auto","background-attachment":"scroll","background-type":"","background-media":"","overlay-type":"","overlay-color":"","overlay-opacity":"","overlay-gradient":""},"tablet":{"background-color":"var(--ast-global-color-5)","background-image":"","background-repeat":"repeat","background-position":"center center","background-size":"auto","background-attachment":"scroll","background-type":"","background-media":"","overlay-type":"","overlay-color":"","overlay-opacity":"","overlay-gradient":""},"mobile":{"background-color":"var(--ast-global-color-5)","background-image":"","background-repeat":"repeat","background-position":"center center","background-size":"auto","background-attachment":"scroll","background-type":"","background-media":"","overlay-type":"","overlay-color":"","overlay-opacity":"","overlay-gradient":""}},"footnotes":""},"class_list":["post-1941","page","type-page","status-publish","hentry"],"aioseo_notices":[],"uagb_featured_image_src":{"full":false,"thumbnail":false,"medium":false,"medium_large":false,"large":false,"1536x1536":false,"2048x2048":false},"uagb_author_info":{"display_name":"Andrea Azem","author_link":"https:\/\/zigzag.tur.br\/index.php\/author\/aazem\/"},"uagb_comment_info":0,"uagb_excerpt":"O formul\u00e1rio de contato desta p\u00e1gina \u00e9 destinado a atender quest\u00f5es relacionadas \u00e0 Lei Geral de Prote\u00e7\u00e3o de Dados, para outros assuntos, como d\u00favidas, sugest\u00f5es e reclama\u00e7\u00f5es, acesse o nosso formul\u00e1rio de contato.https:\/\/zigzag.tur.br\/index.php\/contato\/ O titular de dados pessoais possui o direito de solicitar do site ZigZag Solu\u00e7\u00f5es Digitais para o Turismo, atrav\u00e9s do canal espec\u00edfico&hellip;","_links":{"self":[{"href":"https:\/\/zigzag.tur.br\/index.php\/wp-json\/wp\/v2\/pages\/1941","targetHints":{"allow":["GET"]}}],"collection":[{"href":"https:\/\/zigzag.tur.br\/index.php\/wp-json\/wp\/v2\/pages"}],"about":[{"href":"https:\/\/zigzag.tur.br\/index.php\/wp-json\/wp\/v2\/types\/page"}],"author":[{"embeddable":true,"href":"https:\/\/zigzag.tur.br\/index.php\/wp-json\/wp\/v2\/users\/2"}],"replies":[{"embeddable":true,"href":"https:\/\/zigzag.tur.br\/index.php\/wp-json\/wp\/v2\/comments?post=1941"}],"version-history":[{"count":4,"href":"https:\/\/zigzag.tur.br\/index.php\/wp-json\/wp\/v2\/pages\/1941\/revisions"}],"predecessor-version":[{"id":1957,"href":"https:\/\/zigzag.tur.br\/index.php\/wp-json\/wp\/v2\/pages\/1941\/revisions\/1957"}],"wp:attachment":[{"href":"https:\/\/zigzag.tur.br\/index.php\/wp-json\/wp\/v2\/media?parent=1941"}],"curies":[{"name":"wp","href":"https:\/\/api.w.org\/{rel}","templated":true}]}}